{"id":319,"date":"2023-09-12T16:24:37","date_gmt":"2023-09-12T14:24:37","guid":{"rendered":"https:\/\/bilanciosostenibilita.vivaservizi.it\/?page_id=319"},"modified":"2023-09-25T14:20:42","modified_gmt":"2023-09-25T12:20:42","slug":"02-la-governance","status":"publish","type":"page","link":"https:\/\/bilanciosostenibilita.vivaservizi.it\/?page_id=319","title":{"rendered":"02 LA GOVERNANCE"},"content":{"rendered":"\t\t<div data-elementor-type=\"wp-page\" data-elementor-id=\"319\" class=\"elementor elementor-319\" data-elementor-post-type=\"page\">\n\t\t\t\t\t\t\t<div class=\"elementor-element elementor-element-17f5d8d0 e-con-full e-flex e-con e-parent\" data-id=\"17f5d8d0\" data-element_type=\"container\" data-settings=\"{&quot;content_width&quot;:&quot;full&quot;,&quot;background_background&quot;:&quot;slideshow&quot;,&quot;background_slideshow_gallery&quot;:[{&quot;id&quot;:1092,&quot;url&quot;:&quot;https:\\\/\\\/bilanciosostenibilita.vivaservizi.it\\\/wp-content\\\/uploads\\\/2023\\\/09\\\/Banner-sito-angolo2.png&quot;}],&quot;container_type&quot;:&quot;flex&quot;,&quot;background_slideshow_slide_duration&quot;:5000,&quot;background_slideshow_slide_transition&quot;:&quot;fade&quot;,&quot;background_slideshow_transition_duration&quot;:500}\" data-core-v316-plus=\"true\">\n\t\t\t\t<div class=\"elementor-element elementor-element-14b2178f elementor-widget elementor-widget-heading\" data-id=\"14b2178f\" data-element_type=\"widget\" data-widget_type=\"heading.default\">\n\t\t\t\t<div class=\"elementor-widget-container\">\n\t\t\t<style>\/*! elementor - v3.16.0 - 12-09-2023 *\/\n.elementor-heading-title{padding:0;margin:0;line-height:1}.elementor-widget-heading .elementor-heading-title[class*=elementor-size-]>a{color:inherit;font-size:inherit;line-height:inherit}.elementor-widget-heading .elementor-heading-title.elementor-size-small{font-size:15px}.elementor-widget-heading .elementor-heading-title.elementor-size-medium{font-size:19px}.elementor-widget-heading .elementor-heading-title.elementor-size-large{font-size:29px}.elementor-widget-heading .elementor-heading-title.elementor-size-xl{font-size:39px}.elementor-widget-heading .elementor-heading-title.elementor-size-xxl{font-size:59px}<\/style><h2 class=\"elementor-heading-title elementor-size-default\">02 . LA GOVERNANCE<\/h2>\t\t<\/div>\n\t\t\t\t<\/div>\n\t\t\t\t<\/div>\n\t\t<div class=\"elementor-element elementor-element-767aebe9 e-flex e-con-boxed e-con e-parent\" data-id=\"767aebe9\" data-element_type=\"container\" data-settings=\"{&quot;container_type&quot;:&quot;flex&quot;,&quot;content_width&quot;:&quot;boxed&quot;}\" data-core-v316-plus=\"true\">\n\t\t\t\t\t<div class=\"e-con-inner\">\n\t\t\t\t<div class=\"elementor-element elementor-element-6337a92c elementor-nav-menu__align-center elementor-nav-menu--dropdown-tablet elementor-nav-menu__text-align-aside elementor-widget elementor-widget-nav-menu\" data-id=\"6337a92c\" data-element_type=\"widget\" data-settings=\"{&quot;layout&quot;:&quot;horizontal&quot;,&quot;submenu_icon&quot;:{&quot;value&quot;:&quot;&lt;svg class=\\&quot;e-font-icon-svg e-fas-caret-down\\&quot; viewBox=\\&quot;0 0 320 512\\&quot; xmlns=\\&quot;http:\\\/\\\/www.w3.org\\\/2000\\\/svg\\&quot;&gt;&lt;path d=\\&quot;M31.3 192h257.3c17.8 0 26.7 21.5 14.1 34.1L174.1 354.8c-7.8 7.8-20.5 7.8-28.3 0L17.2 226.1C4.6 213.5 13.5 192 31.3 192z\\&quot;&gt;&lt;\\\/path&gt;&lt;\\\/svg&gt;&quot;,&quot;library&quot;:&quot;fa-solid&quot;}}\" data-widget_type=\"nav-menu.default\">\n\t\t\t\t<div class=\"elementor-widget-container\">\n\t\t\t<link rel=\"stylesheet\" href=\"https:\/\/bilanciosostenibilita.vivaservizi.it\/wp-content\/plugins\/elementor-pro\/assets\/css\/widget-nav-menu.min.css\">\t\t\t<nav class=\"elementor-nav-menu--main elementor-nav-menu__container elementor-nav-menu--layout-horizontal e--pointer-underline e--animation-fade\">\n\t\t\t\t<ul id=\"menu-1-6337a92c\" class=\"elementor-nav-menu\"><li class=\"menu-item menu-item-type-custom menu-item-object-custom menu-item-749\"><a href=\"#ilnostromodello\" class=\"elementor-item elementor-item-anchor\">Il nostro modello<\/a><\/li>\n<li class=\"menu-item menu-item-type-custom menu-item-object-custom menu-item-750\"><a href=\"#rischiaziendali\" class=\"elementor-item elementor-item-anchor\">Gestione dei rischi aziendali<\/a><\/li>\n<li class=\"menu-item menu-item-type-custom menu-item-object-custom menu-item-751\"><a href=\"#strumentidicontrollo\" class=\"elementor-item elementor-item-anchor\">Altri strumenti di controllo<\/a><\/li>\n<\/ul>\t\t\t<\/nav>\n\t\t\t\t\t\t<nav class=\"elementor-nav-menu--dropdown elementor-nav-menu__container\" aria-hidden=\"true\">\n\t\t\t\t<ul id=\"menu-2-6337a92c\" class=\"elementor-nav-menu\"><li class=\"menu-item menu-item-type-custom menu-item-object-custom menu-item-749\"><a href=\"#ilnostromodello\" class=\"elementor-item elementor-item-anchor\" tabindex=\"-1\">Il nostro modello<\/a><\/li>\n<li class=\"menu-item menu-item-type-custom menu-item-object-custom menu-item-750\"><a href=\"#rischiaziendali\" class=\"elementor-item elementor-item-anchor\" tabindex=\"-1\">Gestione dei rischi aziendali<\/a><\/li>\n<li class=\"menu-item menu-item-type-custom menu-item-object-custom menu-item-751\"><a href=\"#strumentidicontrollo\" class=\"elementor-item elementor-item-anchor\" tabindex=\"-1\">Altri strumenti di controllo<\/a><\/li>\n<\/ul>\t\t\t<\/nav>\n\t\t\t\t<\/div>\n\t\t\t\t<\/div>\n\t\t\t\t\t<\/div>\n\t\t\t\t<\/div>\n\t\t<div class=\"elementor-element elementor-element-1f0220ca e-flex e-con-boxed e-con e-parent\" data-id=\"1f0220ca\" data-element_type=\"container\" data-settings=\"{&quot;container_type&quot;:&quot;flex&quot;,&quot;content_width&quot;:&quot;boxed&quot;}\" data-core-v316-plus=\"true\">\n\t\t\t\t\t<div class=\"e-con-inner\">\n\t\t\t\t<div class=\"elementor-element elementor-element-ae5322d elementor-widget elementor-widget-menu-anchor\" data-id=\"ae5322d\" data-element_type=\"widget\" data-widget_type=\"menu-anchor.default\">\n\t\t\t\t<div class=\"elementor-widget-container\">\n\t\t\t<style>\/*! elementor - v3.16.0 - 12-09-2023 *\/\nbody.elementor-page .elementor-widget-menu-anchor{margin-bottom:0}<\/style>\t\t<div id=\"ilnostromodello\" class=\"elementor-menu-anchor\"><\/div>\n\t\t\t\t<\/div>\n\t\t\t\t<\/div>\n\t\t\t\t<div class=\"elementor-element elementor-element-3b16c5a elementor-widget elementor-widget-heading\" data-id=\"3b16c5a\" data-element_type=\"widget\" data-widget_type=\"heading.default\">\n\t\t\t\t<div class=\"elementor-widget-container\">\n\t\t\t<h2 class=\"elementor-heading-title elementor-size-default\">Il nostro modello<\/h2>\t\t<\/div>\n\t\t\t\t<\/div>\n\t\t\t\t\t<\/div>\n\t\t\t\t<\/div>\n\t\t<div class=\"elementor-element elementor-element-d47d9cf e-flex e-con-boxed e-con e-parent\" data-id=\"d47d9cf\" data-element_type=\"container\" data-settings=\"{&quot;container_type&quot;:&quot;flex&quot;,&quot;content_width&quot;:&quot;boxed&quot;}\" data-core-v316-plus=\"true\">\n\t\t\t\t\t<div class=\"e-con-inner\">\n\t\t\t\t<div class=\"elementor-element elementor-element-2cdc2fa elementor-widget__width-auto elementor-widget elementor-widget-text-editor\" data-id=\"2cdc2fa\" data-element_type=\"widget\" data-widget_type=\"text-editor.default\">\n\t\t\t\t<div class=\"elementor-widget-container\">\n\t\t\t<style>\/*! elementor - v3.16.0 - 12-09-2023 *\/\n.elementor-widget-text-editor.elementor-drop-cap-view-stacked .elementor-drop-cap{background-color:#69727d;color:#fff}.elementor-widget-text-editor.elementor-drop-cap-view-framed .elementor-drop-cap{color:#69727d;border:3px solid;background-color:transparent}.elementor-widget-text-editor:not(.elementor-drop-cap-view-default) .elementor-drop-cap{margin-top:8px}.elementor-widget-text-editor:not(.elementor-drop-cap-view-default) .elementor-drop-cap-letter{width:1em;height:1em}.elementor-widget-text-editor .elementor-drop-cap{float:left;text-align:center;line-height:1;font-size:50px}.elementor-widget-text-editor .elementor-drop-cap-letter{display:inline-block}<\/style>\t\t\t\t<p>Viva Servizi ha la forma giuridica di Societ\u00e0 per Azioni ed \u00e8 costituita dai <a href=\"https:\/\/bilanciosostenibilita.vivaservizi.it\/wp-content\/uploads\/2023\/09\/Pag.-15.pdf\" target=\"_blank\" rel=\"noopener\"><strong>44 Comuni Soci<\/strong><\/a> con le rispettive quote di partecipazione.<\/p><p>Gli organi di governo della societ\u00e0 sono: l\u2019Assemblea dei Soci, il Consiglio d\u2019Amministrazione e il Collegio sindacale. Inoltre, \u00e8 stato costituito un Organismo di Vigilanza ai sensi del Decreto Legislativo n. 231\/2001, cui spetta il compito di vigilare sull\u2019idoneit\u00e0 e sull\u2019attuazione del Modello di Organizzazione, Gestione e Controllo.<\/p>\t\t\t\t\t\t<\/div>\n\t\t\t\t<\/div>\n\t\t\t\t\t<\/div>\n\t\t\t\t<\/div>\n\t\t<div class=\"elementor-element elementor-element-d70118d e-flex e-con-boxed e-con e-parent\" data-id=\"d70118d\" data-element_type=\"container\" data-settings=\"{&quot;container_type&quot;:&quot;flex&quot;,&quot;content_width&quot;:&quot;boxed&quot;}\" data-core-v316-plus=\"true\">\n\t\t\t\t\t<div class=\"e-con-inner\">\n\t\t<div class=\"elementor-element elementor-element-b5b7bf9 e-con-full e-flex e-con e-child\" data-id=\"b5b7bf9\" data-element_type=\"container\" data-settings=\"{&quot;content_width&quot;:&quot;full&quot;,&quot;container_type&quot;:&quot;flex&quot;}\">\n\t\t\t\t<div class=\"elementor-element elementor-element-295eaf7 elementor-widget elementor-widget-text-editor\" data-id=\"295eaf7\" data-element_type=\"widget\" data-widget_type=\"text-editor.default\">\n\t\t\t\t<div class=\"elementor-widget-container\">\n\t\t\t\t\t\t\t<p>All\u2019\u00a0<b>Assemblea dei Soci\u00a0<\/b>spetta la nomina degli Amministratori e del<\/p><p>Presidente del Consiglio d\u2019Amministrazione, i quali restano in carica per tre esercizi e sono rieleggibili. Inoltre, approva i documenti programmatori, il Bilancio di esercizio e gli indirizzi strategici.<\/p>\t\t\t\t\t\t<\/div>\n\t\t\t\t<\/div>\n\t\t\t\t<\/div>\n\t\t<div class=\"elementor-element elementor-element-3c8a74b e-con-full e-flex e-con e-child\" data-id=\"3c8a74b\" data-element_type=\"container\" data-settings=\"{&quot;content_width&quot;:&quot;full&quot;,&quot;container_type&quot;:&quot;flex&quot;}\">\n\t\t\t\t<div class=\"elementor-element elementor-element-1b93510 elementor-widget elementor-widget-text-editor\" data-id=\"1b93510\" data-element_type=\"widget\" data-widget_type=\"text-editor.default\">\n\t\t\t\t<div class=\"elementor-widget-container\">\n\t\t\t\t\t\t\t<p>Il\u00a0<b>Consiglio di Amministrazione\u00a0<\/b>esercita la gestione ordinaria e straordinaria della societ\u00e0. E<b>\u2019<\/b>\u00a0composto per 3\/5 da uomini e per 2\/5 da donne e pertanto rispetta l\u2019equilibrio tra i generi ai sensi della normativa vigente. La maggioranza dei membri presenta una et\u00e0 al di sotto dei 50 anni e tutti i membri hanno conseguito almeno una laurea.<\/p>\t\t\t\t\t\t<\/div>\n\t\t\t\t<\/div>\n\t\t\t\t<\/div>\n\t\t\t\t\t<\/div>\n\t\t\t\t<\/div>\n\t\t<div class=\"elementor-element elementor-element-04844c4 e-flex e-con-boxed e-con e-parent\" data-id=\"04844c4\" data-element_type=\"container\" data-settings=\"{&quot;container_type&quot;:&quot;flex&quot;,&quot;content_width&quot;:&quot;boxed&quot;}\" data-core-v316-plus=\"true\">\n\t\t\t\t\t<div class=\"e-con-inner\">\n\t\t<div class=\"elementor-element elementor-element-25d56a6 e-con-full e-flex e-con e-child\" data-id=\"25d56a6\" data-element_type=\"container\" data-settings=\"{&quot;content_width&quot;:&quot;full&quot;,&quot;container_type&quot;:&quot;flex&quot;}\">\n\t\t\t\t<div class=\"elementor-element elementor-element-f0e8ac8 elementor-widget elementor-widget-image\" data-id=\"f0e8ac8\" data-element_type=\"widget\" data-widget_type=\"image.default\">\n\t\t\t\t<div class=\"elementor-widget-container\">\n\t\t\t<style>\/*! elementor - v3.16.0 - 12-09-2023 *\/\n.elementor-widget-image{text-align:center}.elementor-widget-image a{display:inline-block}.elementor-widget-image a img[src$=\".svg\"]{width:48px}.elementor-widget-image img{vertical-align:middle;display:inline-block}<\/style>\t\t\t\t\t\t\t\t\t\t\t\t<img loading=\"lazy\" decoding=\"async\" width=\"1000\" height=\"531\" src=\"https:\/\/bilanciosostenibilita.vivaservizi.it\/wp-content\/uploads\/2023\/09\/Assemblea.jpg\" class=\"attachment-large size-large wp-image-131\" alt=\"\" srcset=\"https:\/\/bilanciosostenibilita.vivaservizi.it\/wp-content\/uploads\/2023\/09\/Assemblea.jpg 1000w, https:\/\/bilanciosostenibilita.vivaservizi.it\/wp-content\/uploads\/2023\/09\/Assemblea-300x159.jpg 300w, https:\/\/bilanciosostenibilita.vivaservizi.it\/wp-content\/uploads\/2023\/09\/Assemblea-768x408.jpg 768w\" sizes=\"auto, (max-width: 1000px) 100vw, 1000px\" \/>\t\t\t\t\t\t\t\t\t\t\t\t\t\t\t<\/div>\n\t\t\t\t<\/div>\n\t\t\t\t<\/div>\n\t\t<div class=\"elementor-element elementor-element-58223b5 e-con-full e-flex e-con e-child\" data-id=\"58223b5\" data-element_type=\"container\" data-settings=\"{&quot;content_width&quot;:&quot;full&quot;,&quot;container_type&quot;:&quot;flex&quot;}\">\n\t\t\t\t<div class=\"elementor-element elementor-element-798f467 elementor-widget elementor-widget-image\" data-id=\"798f467\" data-element_type=\"widget\" data-widget_type=\"image.default\">\n\t\t\t\t<div class=\"elementor-widget-container\">\n\t\t\t\t\t\t\t\t\t\t\t\t\t\t\t<img loading=\"lazy\" decoding=\"async\" width=\"1000\" height=\"531\" src=\"https:\/\/bilanciosostenibilita.vivaservizi.it\/wp-content\/uploads\/2023\/09\/Consiglio-damministrazione-copia.jpg\" class=\"attachment-large size-large wp-image-133\" alt=\"\" srcset=\"https:\/\/bilanciosostenibilita.vivaservizi.it\/wp-content\/uploads\/2023\/09\/Consiglio-damministrazione-copia.jpg 1000w, https:\/\/bilanciosostenibilita.vivaservizi.it\/wp-content\/uploads\/2023\/09\/Consiglio-damministrazione-copia-300x159.jpg 300w, https:\/\/bilanciosostenibilita.vivaservizi.it\/wp-content\/uploads\/2023\/09\/Consiglio-damministrazione-copia-768x408.jpg 768w\" sizes=\"auto, (max-width: 1000px) 100vw, 1000px\" \/>\t\t\t\t\t\t\t\t\t\t\t\t\t\t\t<\/div>\n\t\t\t\t<\/div>\n\t\t\t\t<\/div>\n\t\t\t\t\t<\/div>\n\t\t\t\t<\/div>\n\t\t<div class=\"elementor-element elementor-element-15fc6542 e-flex e-con-boxed e-con e-parent\" data-id=\"15fc6542\" data-element_type=\"container\" data-settings=\"{&quot;container_type&quot;:&quot;flex&quot;,&quot;content_width&quot;:&quot;boxed&quot;}\" data-core-v316-plus=\"true\">\n\t\t\t\t\t<div class=\"e-con-inner\">\n\t\t\t\t<div class=\"elementor-element elementor-element-c50130d elementor-widget elementor-widget-menu-anchor\" data-id=\"c50130d\" data-element_type=\"widget\" data-widget_type=\"menu-anchor.default\">\n\t\t\t\t<div class=\"elementor-widget-container\">\n\t\t\t\t\t<div id=\"rischiaziendali\" class=\"elementor-menu-anchor\"><\/div>\n\t\t\t\t<\/div>\n\t\t\t\t<\/div>\n\t\t\t\t<div class=\"elementor-element elementor-element-3a1b59f3 elementor-widget elementor-widget-heading\" data-id=\"3a1b59f3\" data-element_type=\"widget\" data-widget_type=\"heading.default\">\n\t\t\t\t<div class=\"elementor-widget-container\">\n\t\t\t<h2 class=\"elementor-heading-title elementor-size-default\">Gestione dei rischi aziendali<\/h2>\t\t<\/div>\n\t\t\t\t<\/div>\n\t\t\t\t\t<\/div>\n\t\t\t\t<\/div>\n\t\t<div class=\"elementor-element elementor-element-bd32157 e-flex e-con-boxed e-con e-parent\" data-id=\"bd32157\" data-element_type=\"container\" data-settings=\"{&quot;container_type&quot;:&quot;flex&quot;,&quot;content_width&quot;:&quot;boxed&quot;}\" data-core-v316-plus=\"true\">\n\t\t\t\t\t<div class=\"e-con-inner\">\n\t\t\t\t<div class=\"elementor-element elementor-element-7317306 elementor-widget__width-auto elementor-widget elementor-widget-text-editor\" data-id=\"7317306\" data-element_type=\"widget\" data-widget_type=\"text-editor.default\">\n\t\t\t\t<div class=\"elementor-widget-container\">\n\t\t\t\t\t\t\t<p>Nel 2019 sono state istituite la funzione Risk Management e l\u2019area Interna Auditing per dare piena attuazione al modello ERM<\/p>\t\t\t\t\t\t<\/div>\n\t\t\t\t<\/div>\n\t\t\t\t\t<\/div>\n\t\t\t\t<\/div>\n\t\t<div class=\"elementor-element elementor-element-36562ea e-flex e-con-boxed e-con e-parent\" data-id=\"36562ea\" data-element_type=\"container\" data-settings=\"{&quot;container_type&quot;:&quot;flex&quot;,&quot;content_width&quot;:&quot;boxed&quot;}\" data-core-v316-plus=\"true\">\n\t\t\t\t\t<div class=\"e-con-inner\">\n\t\t<div class=\"elementor-element elementor-element-b7bd1d5 e-con-full e-flex e-con e-child\" data-id=\"b7bd1d5\" data-element_type=\"container\" data-settings=\"{&quot;content_width&quot;:&quot;full&quot;,&quot;container_type&quot;:&quot;flex&quot;}\">\n\t\t\t\t<div class=\"elementor-element elementor-element-3504d23 elementor-widget elementor-widget-image\" data-id=\"3504d23\" data-element_type=\"widget\" data-widget_type=\"image.default\">\n\t\t\t\t<div class=\"elementor-widget-container\">\n\t\t\t\t\t\t\t\t\t\t\t\t\t\t\t<img loading=\"lazy\" decoding=\"async\" width=\"1276\" height=\"718\" src=\"https:\/\/bilanciosostenibilita.vivaservizi.it\/wp-content\/uploads\/2023\/09\/Piramide-ok.gif\" class=\"attachment-one-page-express-full-hd size-one-page-express-full-hd wp-image-1209\" alt=\"\" \/>\t\t\t\t\t\t\t\t\t\t\t\t\t\t\t<\/div>\n\t\t\t\t<\/div>\n\t\t\t\t<\/div>\n\t\t<div class=\"elementor-element elementor-element-6b7263d e-con-full e-flex e-con e-child\" data-id=\"6b7263d\" data-element_type=\"container\" data-settings=\"{&quot;content_width&quot;:&quot;full&quot;,&quot;container_type&quot;:&quot;flex&quot;}\">\n\t\t\t\t<div class=\"elementor-element elementor-element-53e591a elementor-widget elementor-widget-text-editor\" data-id=\"53e591a\" data-element_type=\"widget\" data-widget_type=\"text-editor.default\">\n\t\t\t\t<div class=\"elementor-widget-container\">\n\t\t\t\t\t\t\t<p>Nel corso del 2022 <b>l\u2019Area Internal Audit <\/b>ha dato attuazione al Piano Operativo di verifiche e audit come da mandato ricevuto dal Consiglio di Amministrazione:<\/p><p>\u2022 Prosecuzione della ricognizione delle procedure aziendali<\/p><p>\u2022 Presentazione degli Audit Report alla Direzione Generale, all\u2019OdV e ai Responsabili di Area interessati<\/p><p>\u2022 Approfondimenti formativi in ambiti specifici<\/p><p>\u2022 Implementazione del tool HOPEX, in condivisione con la funzione Risk Management<\/p>\t\t\t\t\t\t<\/div>\n\t\t\t\t<\/div>\n\t\t\t\t<\/div>\n\t\t\t\t\t<\/div>\n\t\t\t\t<\/div>\n\t\t<div class=\"elementor-element elementor-element-4b67b27f e-flex e-con-boxed e-con e-parent\" data-id=\"4b67b27f\" data-element_type=\"container\" data-settings=\"{&quot;container_type&quot;:&quot;flex&quot;,&quot;content_width&quot;:&quot;boxed&quot;}\" data-core-v316-plus=\"true\">\n\t\t\t\t\t<div class=\"e-con-inner\">\n\t\t\t\t<div class=\"elementor-element elementor-element-80d4225 elementor-widget elementor-widget-menu-anchor\" data-id=\"80d4225\" data-element_type=\"widget\" data-widget_type=\"menu-anchor.default\">\n\t\t\t\t<div class=\"elementor-widget-container\">\n\t\t\t\t\t<div id=\"strumentidicontrollo\" class=\"elementor-menu-anchor\"><\/div>\n\t\t\t\t<\/div>\n\t\t\t\t<\/div>\n\t\t\t\t<div class=\"elementor-element elementor-element-2e1e79d elementor-widget elementor-widget-heading\" data-id=\"2e1e79d\" data-element_type=\"widget\" data-widget_type=\"heading.default\">\n\t\t\t\t<div class=\"elementor-widget-container\">\n\t\t\t<h2 class=\"elementor-heading-title elementor-size-default\">Strumenti di controllo<\/h2>\t\t<\/div>\n\t\t\t\t<\/div>\n\t\t\t\t\t<\/div>\n\t\t\t\t<\/div>\n\t\t<div class=\"elementor-element elementor-element-96e00a5 e-flex e-con-boxed e-con e-parent\" data-id=\"96e00a5\" data-element_type=\"container\" data-settings=\"{&quot;container_type&quot;:&quot;flex&quot;,&quot;content_width&quot;:&quot;boxed&quot;}\" data-core-v316-plus=\"true\">\n\t\t\t\t\t<div class=\"e-con-inner\">\n\t\t<div class=\"elementor-element elementor-element-f613a24 e-con-full e-flex e-con e-child\" data-id=\"f613a24\" data-element_type=\"container\" data-settings=\"{&quot;content_width&quot;:&quot;full&quot;,&quot;container_type&quot;:&quot;flex&quot;}\">\n\t\t\t\t<div class=\"elementor-element elementor-element-c8f326f elementor-widget__width-inherit elementor-widget elementor-widget-image\" data-id=\"c8f326f\" data-element_type=\"widget\" data-widget_type=\"image.default\">\n\t\t\t\t<div class=\"elementor-widget-container\">\n\t\t\t\t\t\t\t\t\t\t\t\t\t\t\t\t<a href=\"#elementor-action%3Aaction%3Dpopup%3Aopen%26settings%3DeyJpZCI6IjEyMzkiLCJ0b2dnbGUiOmZhbHNlfQ%3D%3D\">\n\t\t\t\t\t\t\t<img loading=\"lazy\" decoding=\"async\" width=\"709\" height=\"709\" src=\"https:\/\/bilanciosostenibilita.vivaservizi.it\/wp-content\/uploads\/2023\/09\/Puzzle-1-1.png\" class=\"attachment-full size-full wp-image-1276\" alt=\"\" srcset=\"https:\/\/bilanciosostenibilita.vivaservizi.it\/wp-content\/uploads\/2023\/09\/Puzzle-1-1.png 709w, https:\/\/bilanciosostenibilita.vivaservizi.it\/wp-content\/uploads\/2023\/09\/Puzzle-1-1-300x300.png 300w, https:\/\/bilanciosostenibilita.vivaservizi.it\/wp-content\/uploads\/2023\/09\/Puzzle-1-1-150x150.png 150w\" sizes=\"auto, (max-width: 709px) 100vw, 709px\" \/>\t\t\t\t\t\t\t\t<\/a>\n\t\t\t\t\t\t\t\t\t\t\t\t\t\t\t<\/div>\n\t\t\t\t<\/div>\n\t\t\t\t<\/div>\n\t\t<div class=\"elementor-element elementor-element-865d8fc e-con-full e-flex e-con e-child\" data-id=\"865d8fc\" data-element_type=\"container\" data-settings=\"{&quot;content_width&quot;:&quot;full&quot;,&quot;container_type&quot;:&quot;flex&quot;}\">\n\t\t\t\t<div class=\"elementor-element elementor-element-bebb8a1 elementor-widget__width-inherit elementor-widget elementor-widget-image\" data-id=\"bebb8a1\" data-element_type=\"widget\" data-widget_type=\"image.default\">\n\t\t\t\t<div class=\"elementor-widget-container\">\n\t\t\t\t\t\t\t\t\t\t\t\t\t\t\t\t<a href=\"#elementor-action%3Aaction%3Dpopup%3Aopen%26settings%3DeyJpZCI6IjEyNDciLCJ0b2dnbGUiOmZhbHNlfQ%3D%3D\">\n\t\t\t\t\t\t\t<img loading=\"lazy\" decoding=\"async\" width=\"709\" height=\"709\" src=\"https:\/\/bilanciosostenibilita.vivaservizi.it\/wp-content\/uploads\/2023\/09\/Puzzle-2-1.png\" class=\"attachment-full size-full wp-image-1277\" alt=\"\" srcset=\"https:\/\/bilanciosostenibilita.vivaservizi.it\/wp-content\/uploads\/2023\/09\/Puzzle-2-1.png 709w, https:\/\/bilanciosostenibilita.vivaservizi.it\/wp-content\/uploads\/2023\/09\/Puzzle-2-1-300x300.png 300w, https:\/\/bilanciosostenibilita.vivaservizi.it\/wp-content\/uploads\/2023\/09\/Puzzle-2-1-150x150.png 150w\" sizes=\"auto, (max-width: 709px) 100vw, 709px\" \/>\t\t\t\t\t\t\t\t<\/a>\n\t\t\t\t\t\t\t\t\t\t\t\t\t\t\t<\/div>\n\t\t\t\t<\/div>\n\t\t\t\t<\/div>\n\t\t<div class=\"elementor-element elementor-element-0b6f6cf e-con-full e-flex e-con e-child\" data-id=\"0b6f6cf\" data-element_type=\"container\" data-settings=\"{&quot;content_width&quot;:&quot;full&quot;,&quot;container_type&quot;:&quot;flex&quot;}\">\n\t\t\t\t<div class=\"elementor-element elementor-element-c5fe422 elementor-widget__width-inherit elementor-widget elementor-widget-image\" data-id=\"c5fe422\" data-element_type=\"widget\" data-widget_type=\"image.default\">\n\t\t\t\t<div class=\"elementor-widget-container\">\n\t\t\t\t\t\t\t\t\t\t\t\t\t\t\t\t<a href=\"#elementor-action%3Aaction%3Dpopup%3Aopen%26settings%3DeyJpZCI6IjEyNTAiLCJ0b2dnbGUiOmZhbHNlfQ%3D%3D\">\n\t\t\t\t\t\t\t<img loading=\"lazy\" decoding=\"async\" width=\"709\" height=\"709\" src=\"https:\/\/bilanciosostenibilita.vivaservizi.it\/wp-content\/uploads\/2023\/09\/Puzzle-3-1.png\" class=\"attachment-full size-full wp-image-1278\" alt=\"\" srcset=\"https:\/\/bilanciosostenibilita.vivaservizi.it\/wp-content\/uploads\/2023\/09\/Puzzle-3-1.png 709w, https:\/\/bilanciosostenibilita.vivaservizi.it\/wp-content\/uploads\/2023\/09\/Puzzle-3-1-300x300.png 300w, https:\/\/bilanciosostenibilita.vivaservizi.it\/wp-content\/uploads\/2023\/09\/Puzzle-3-1-150x150.png 150w\" sizes=\"auto, (max-width: 709px) 100vw, 709px\" \/>\t\t\t\t\t\t\t\t<\/a>\n\t\t\t\t\t\t\t\t\t\t\t\t\t\t\t<\/div>\n\t\t\t\t<\/div>\n\t\t\t\t<\/div>\n\t\t<div class=\"elementor-element elementor-element-f473cef e-con-full e-flex e-con e-child\" data-id=\"f473cef\" data-element_type=\"container\" data-settings=\"{&quot;content_width&quot;:&quot;full&quot;,&quot;container_type&quot;:&quot;flex&quot;}\">\n\t\t\t\t<div class=\"elementor-element elementor-element-96e56a4 elementor-widget__width-inherit elementor-widget elementor-widget-image\" data-id=\"96e56a4\" data-element_type=\"widget\" data-widget_type=\"image.default\">\n\t\t\t\t<div class=\"elementor-widget-container\">\n\t\t\t\t\t\t\t\t\t\t\t\t\t\t\t\t<a href=\"#elementor-action%3Aaction%3Dpopup%3Aopen%26settings%3DeyJpZCI6IjEyNTMiLCJ0b2dnbGUiOmZhbHNlfQ%3D%3D\">\n\t\t\t\t\t\t\t<img loading=\"lazy\" decoding=\"async\" width=\"709\" height=\"709\" src=\"https:\/\/bilanciosostenibilita.vivaservizi.it\/wp-content\/uploads\/2023\/09\/Puzzle-4-1.png\" class=\"attachment-full size-full wp-image-1279\" alt=\"\" srcset=\"https:\/\/bilanciosostenibilita.vivaservizi.it\/wp-content\/uploads\/2023\/09\/Puzzle-4-1.png 709w, https:\/\/bilanciosostenibilita.vivaservizi.it\/wp-content\/uploads\/2023\/09\/Puzzle-4-1-300x300.png 300w, https:\/\/bilanciosostenibilita.vivaservizi.it\/wp-content\/uploads\/2023\/09\/Puzzle-4-1-150x150.png 150w\" sizes=\"auto, (max-width: 709px) 100vw, 709px\" \/>\t\t\t\t\t\t\t\t<\/a>\n\t\t\t\t\t\t\t\t\t\t\t\t\t\t\t<\/div>\n\t\t\t\t<\/div>\n\t\t\t\t<\/div>\n\t\t\t\t\t<\/div>\n\t\t\t\t<\/div>\n\t\t\t\t\t\t\t<\/div>\n\t\t","protected":false},"excerpt":{"rendered":"<p>02 . LA GOVERNANCE Il nostro modello Viva Servizi ha la forma giuridica di Societ\u00e0 per Azioni ed \u00e8 costituita dai 44 Comuni Soci con le rispettive quote di partecipazione. Gli organi di governo della societ\u00e0 sono: l\u2019Assemblea dei Soci, il Consiglio d\u2019Amministrazione e il Collegio sindacale. Inoltre, \u00e8 stato costituito un Organismo di Vigilanza&hellip; <br \/> <a class=\"button small blue\" href=\"https:\/\/bilanciosostenibilita.vivaservizi.it\/?page_id=319\">Leggi tutto<\/a><\/p>\n","protected":false},"author":1,"featured_media":0,"parent":0,"menu_order":0,"comment_status":"closed","ping_status":"closed","template":"elementor_header_footer","meta":{"footnotes":""},"class_list":["post-319","page","type-page","status-publish","hentry"],"_links":{"self":[{"href":"https:\/\/bilanciosostenibilita.vivaservizi.it\/index.php?rest_route=\/wp\/v2\/pages\/319","targetHints":{"allow":["GET"]}}],"collection":[{"href":"https:\/\/bilanciosostenibilita.vivaservizi.it\/index.php?rest_route=\/wp\/v2\/pages"}],"about":[{"href":"https:\/\/bilanciosostenibilita.vivaservizi.it\/index.php?rest_route=\/wp\/v2\/types\/page"}],"author":[{"embeddable":true,"href":"https:\/\/bilanciosostenibilita.vivaservizi.it\/index.php?rest_route=\/wp\/v2\/users\/1"}],"replies":[{"embeddable":true,"href":"https:\/\/bilanciosostenibilita.vivaservizi.it\/index.php?rest_route=%2Fwp%2Fv2%2Fcomments&post=319"}],"version-history":[{"count":94,"href":"https:\/\/bilanciosostenibilita.vivaservizi.it\/index.php?rest_route=\/wp\/v2\/pages\/319\/revisions"}],"predecessor-version":[{"id":1291,"href":"https:\/\/bilanciosostenibilita.vivaservizi.it\/index.php?rest_route=\/wp\/v2\/pages\/319\/revisions\/1291"}],"wp:attachment":[{"href":"https:\/\/bilanciosostenibilita.vivaservizi.it\/index.php?rest_route=%2Fwp%2Fv2%2Fmedia&parent=319"}],"curies":[{"name":"wp","href":"https:\/\/api.w.org\/{rel}","templated":true}]}}